{"id":551,"date":"2024-12-04T16:11:28","date_gmt":"2024-12-04T15:11:28","guid":{"rendered":"https:\/\/closdestilleuls26.fr\/?page_id=551"},"modified":"2024-12-04T16:28:03","modified_gmt":"2024-12-04T15:28:03","slug":"plan-du-site","status":"publish","type":"page","link":"https:\/\/closdestilleuls26.fr\/index.php\/plan-du-site\/","title":{"rendered":"Plan du site"},"content":{"rendered":"<p>[et_pb_section fb_built=\u00a0\u00bb1&Prime; theme_builder_area=\u00a0\u00bbpost_content\u00a0\u00bb _builder_version=\u00a0\u00bb4.27.4&Prime; _module_preset=\u00a0\u00bbdefault\u00a0\u00bb][et_pb_row _builder_version=\u00a0\u00bb4.27.4&Prime; _module_preset=\u00a0\u00bbdefault\u00a0\u00bb theme_builder_area=\u00a0\u00bbpost_content\u00a0\u00bb][et_pb_column _builder_version=\u00a0\u00bb4.27.4&Prime; _module_preset=\u00a0\u00bbdefault\u00a0\u00bb type=\u00a0\u00bb4_4&Prime; theme_builder_area=\u00a0\u00bbpost_content\u00a0\u00bb][et_pb_code _builder_version=\u00a0\u00bb4.27.4&Prime; _module_preset=\u00a0\u00bbdefault\u00a0\u00bb theme_builder_area=\u00a0\u00bbpost_content\u00a0\u00bb hover_enabled=\u00a0\u00bb0&Prime; sticky_enabled=\u00a0\u00bb0&Prime;]<div class=\"aioseo-html-sitemap\"><style>.aioseo-html-sitemap.labels-hidden ul { margin: 0; }<\/style><div class=\"aioseo-html-page-sitemap\"><h4>Pages<\/h4><ul><li><a href=\"https:\/\/closdestilleuls26.fr\/index.php\/politique-de-confidentialite\/\" >Politique de confidentialit\u00e9 (14 juillet 2023)<\/a><\/li><li><a href=\"https:\/\/closdestilleuls26.fr\/\" >Accueil (6 mai 2024)<\/a><\/li><li><a href=\"https:\/\/closdestilleuls26.fr\/index.php\/tarifs\/\" >Tarifs (13 mai 2024)<\/a><\/li><li><a href=\"https:\/\/closdestilleuls26.fr\/index.php\/contact\/\" >Contact (13 mai 2024)<\/a><\/li><li><a href=\"https:\/\/closdestilleuls26.fr\/index.php\/chambres-dhotes\/\" >Chambres d\u2019h\u00f4tes (13 mai 2024)<\/a><\/li><li><a href=\"https:\/\/closdestilleuls26.fr\/index.php\/location-de-vacances\/\" >Location de vacances (13 mai 2024)<\/a><\/li><li><a href=\"https:\/\/closdestilleuls26.fr\/index.php\/salle-dactivites-douces\/\" >Salle d\u2019activit\u00e9s douces (13 mai 2024)<\/a><\/li><li><a href=\"https:\/\/closdestilleuls26.fr\/index.php\/politique-de-cookies-ue\/\" >Politique de cookies (UE) (14 mai 2024)<\/a><\/li><li><a href=\"https:\/\/closdestilleuls26.fr\/index.php\/test-2\/\" >test (5 novembre 2024)<\/a><\/li><li><a href=\"https:\/\/closdestilleuls26.fr\/index.php\/reservation-location\/\" >R\u00e9servation location de vacances (6 novembre 2024)<\/a><\/li><li><a href=\"https:\/\/closdestilleuls26.fr\/index.php\/reservation-chambre-dhotes\/\" >R\u00e9servation chambres d&rsquo;h\u00f4tes (6 novembre 2024)<\/a><\/li><li><a href=\"https:\/\/closdestilleuls26.fr\/index.php\/reservation-salle-dactivites-douces\/\" >R\u00e9servation salle d&rsquo;activit\u00e9s douces (2 d\u00e9cembre 2024)<\/a><\/li><li><a href=\"https:\/\/closdestilleuls26.fr\/index.php\/plan-du-site\/\" >Plan du site (4 d\u00e9cembre 2024)<\/a><\/li><\/ul><\/div><br \/><\/div>[\/et_pb_code][\/et_pb_column][\/et_pb_row][\/et_pb_section]<\/p>\n","protected":false},"excerpt":{"rendered":"<div class=\"aioseo-html-sitemap\"><style>.aioseo-html-sitemap.labels-hidden ul { margin: 0; }<\/style><div class=\"aioseo-html-page-sitemap\"><h4>Pages<\/h4><ul><li><a href=\"https:\/\/closdestilleuls26.fr\/index.php\/politique-de-confidentialite\/\" >Politique de confidentialit\u00e9 (14 juillet 2023)<\/a><\/li><li><a href=\"https:\/\/closdestilleuls26.fr\/\" >Accueil (6 mai 2024)<\/a><\/li><li><a href=\"https:\/\/closdestilleuls26.fr\/index.php\/tarifs\/\" >Tarifs (13 mai 2024)<\/a><\/li><li><a href=\"https:\/\/closdestilleuls26.fr\/index.php\/contact\/\" >Contact (13 mai 2024)<\/a><\/li><li><a href=\"https:\/\/closdestilleuls26.fr\/index.php\/chambres-dhotes\/\" >Chambres d\u2019h\u00f4tes (13 mai 2024)<\/a><\/li><li><a href=\"https:\/\/closdestilleuls26.fr\/index.php\/location-de-vacances\/\" >Location de vacances (13 mai 2024)<\/a><\/li><li><a href=\"https:\/\/closdestilleuls26.fr\/index.php\/salle-dactivites-douces\/\" >Salle d\u2019activit\u00e9s douces (13 mai 2024)<\/a><\/li><li><a href=\"https:\/\/closdestilleuls26.fr\/index.php\/politique-de-cookies-ue\/\" >Politique de cookies (UE) (14 mai 2024)<\/a><\/li><li><a href=\"https:\/\/closdestilleuls26.fr\/index.php\/test-2\/\" >test (5 novembre 2024)<\/a><\/li><li><a href=\"https:\/\/closdestilleuls26.fr\/index.php\/reservation-location\/\" >R\u00e9servation location de vacances (6 novembre 2024)<\/a><\/li><li><a href=\"https:\/\/closdestilleuls26.fr\/index.php\/reservation-chambre-dhotes\/\" >R\u00e9servation chambres d&rsquo;h\u00f4tes (6 novembre 2024)<\/a><\/li><li><a href=\"https:\/\/closdestilleuls26.fr\/index.php\/reservation-salle-dactivites-douces\/\" >R\u00e9servation salle d&rsquo;activit\u00e9s douces (2 d\u00e9cembre 2024)<\/a><\/li><li><a href=\"https:\/\/closdestilleuls26.fr\/index.php\/plan-du-site\/\" >Plan du site (4 d\u00e9cembre 2024)<\/a><\/li><\/ul><\/div><br \/><\/div>\n","protected":false},"author":2,"featured_media":0,"parent":0,"menu_order":0,"comment_status":"closed","ping_status":"closed","template":"","meta":{"_et_pb_use_builder":"on","_et_pb_old_content":"","_et_gb_content_width":"","_monsterinsights_skip_tracking":false,"_monsterinsights_sitenote_active":false,"_monsterinsights_sitenote_note":"","_monsterinsights_sitenote_category":0,"footnotes":""},"class_list":["post-551","page","type-page","status-publish","hentry"],"aioseo_notices":[],"jetpack_sharing_enabled":true,"_links":{"self":[{"href":"https:\/\/closdestilleuls26.fr\/index.php\/wp-json\/wp\/v2\/pages\/551","targetHints":{"allow":["GET"]}}],"collection":[{"href":"https:\/\/closdestilleuls26.fr\/index.php\/wp-json\/wp\/v2\/pages"}],"about":[{"href":"https:\/\/closdestilleuls26.fr\/index.php\/wp-json\/wp\/v2\/types\/page"}],"author":[{"embeddable":true,"href":"https:\/\/closdestilleuls26.fr\/index.php\/wp-json\/wp\/v2\/users\/2"}],"replies":[{"embeddable":true,"href":"https:\/\/closdestilleuls26.fr\/index.php\/wp-json\/wp\/v2\/comments?post=551"}],"version-history":[{"count":0,"href":"https:\/\/closdestilleuls26.fr\/index.php\/wp-json\/wp\/v2\/pages\/551\/revisions"}],"wp:attachment":[{"href":"https:\/\/closdestilleuls26.fr\/index.php\/wp-json\/wp\/v2\/media?parent=551"}],"curies":[{"name":"wp","href":"https:\/\/api.w.org\/{rel}","templated":true}]}}